{"id":26,"date":"2020-04-05T11:48:35","date_gmt":"2020-04-05T09:48:35","guid":{"rendered":"http:\/\/wundsam.at\/?page_id=26"},"modified":"2023-07-23T15:01:24","modified_gmt":"2023-07-23T13:01:24","slug":"geschichte-des-betriebs","status":"publish","type":"page","link":"https:\/\/wundsam.at\/?page_id=26","title":{"rendered":"Geschichte"},"content":{"rendered":"\n<h2 class=\"wp-block-heading has-large-font-size\">GESCHICHTE DES BETRIEBS<\/h2>\n\n\n\n<ul>\n<li class=\"has-medium-font-size\">1906 Bescheid durch die Baukommision f\u00fcr die Errichtung des Hauses Kleinr\u00f6tz 71, heute Wienerweg 5<\/li>\n\n\n\n<li class=\"has-medium-font-size\">1908 Einzug in das neue Haus durch Elisabeth Robel mit Tochter Theresia und Schwiegersohn Leopold Raicher<\/li>\n\n\n\n<li class=\"has-medium-font-size\">1910 Geburt von Tochter Maria Raicher<\/li>\n\n\n\n<li class=\"has-medium-font-size\">1912 Geburt der 2. Tochter Theresia Raicher<\/li>\n\n\n\n<li class=\"has-medium-font-size\">1927 Einleitung des elektrischen Lichts und Bau des Kuhstalls<\/li>\n\n\n\n<li class=\"has-medium-font-size\">1936 Errichtung des Hauses Kleinr\u00f6tz 85, heute Wienerweg 3, Bau des Schweinestalls<\/li>\n\n\n\n<li class=\"has-medium-font-size\">1936 Theresia und Leopold Raicher \u00fcbersiedeln in das Haus Kleinr\u00f6tz 85<\/li>\n\n\n\n<li class=\"has-medium-font-size\">1936 \u00dcbernahme des Hauses Kleinr\u00f6tz 71 durch Josef und Maria Wundsam<\/li>\n\n\n\n<li class=\"has-medium-font-size\">1968 Eheschliessung von <strong><em>Theresia Gschwendt <\/em><\/strong>und <strong><em>Josef Wundsam<\/em><\/strong>, Renovierung und \u00dcbernahme des Hauses Kleinr\u00f6tz 71 durch Theresia und Josef Wundsam<\/li>\n\n\n\n<li class=\"has-medium-font-size\">1969 Geburt von <em><strong>Josef<\/strong><\/em> Wundsam<\/li>\n\n\n\n<li class=\"has-medium-font-size\">1970 Geburt von <em><strong>Robert<\/strong><\/em> Wundsam, Bau der Veranda und <em><strong>Er\u00f6ffnung der Buschenschank am 25. April<\/strong><\/em><\/li>\n\n\n\n<li class=\"has-medium-font-size\">1973 Bau der Maschinenhalle<\/li>\n\n\n\n<li class=\"has-medium-font-size\">1977 Bau des K\u00fchlraums und der Zentralheizung<\/li>\n\n\n\n<li class=\"has-medium-font-size\">1981 Errichtung der WC-Anlagen f\u00fcr die Buschenschank<\/li>\n\n\n\n<li class=\"has-medium-font-size\">1989 Renovierung der D\u00e4cher und Errichtung des Erd\u00e4pfelkellers<\/li>\n\n\n\n<li class=\"has-medium-font-size\">1994 Eheschliessung von <strong><em>Brigitte Kainrath <\/em><\/strong>(aus Wien) mit Robert<\/li>\n\n\n\n<li class=\"has-medium-font-size\">1995 Geburt von <strong><em>Sabrina <\/em><\/strong>Wundsam<\/li>\n\n\n\n<li class=\"has-medium-font-size\">1998 Hof\u00fcbergabe von Theresia und Josef Wundsam an ihren \u00e4lteren Sohn Josef<\/li>\n\n\n\n<li class=\"has-medium-font-size\">1998 Geburt von <strong><em>Michaela <\/em><\/strong>Wundsam<\/li>\n<\/ul>\n\n\n\n<p><\/p>\n\n\n\n<ul>\n<li class=\"has-medium-font-size\">2001 <strong><em>Petra Pirkfellner<\/em><\/strong> (aus Wien) zieht im Haus Wienerweg 5 ein<\/li>\n\n\n\n<li class=\"has-medium-font-size\">2001 Beginn der Generalsanierung des Hauses Wienerweg 3<\/li>\n\n\n\n<li class=\"has-medium-font-size\">2002 Theresia und Josef Wundsam \u00fcbersiedeln am 30.12. in das Haus Wienerweg 3<\/li>\n\n\n\n<li class=\"has-medium-font-size\">2003 Eheschliessung von Petra Pirkfellner und Josef Wundsam im Juli<\/li>\n\n\n\n<li class=\"has-medium-font-size\">November 2003 &#8211; September 2004: Umbau der Privatr\u00e4ume und Einbau der Gastronomiek\u00fcche f\u00fcr die Buschenschank<\/li>\n\n\n\n<li class=\"has-medium-font-size\">November 2005 &#8211; Februar 2006: Neubau der Schank mit K\u00fchlraum f\u00fcr die Buschenschank<\/li>\n\n\n\n<li class=\"has-medium-font-size\">Fr\u00fchjahr 2006: Generalsanierung des Innenhofs, Er\u00f6ffnung mit Vernissage der YTONG-Skulpturen zum Thema &#8222;Toleranz&#8220; der K\u00fcnstler von ARTPoint\/Korneuburg am 25. Juni<\/li>\n\n\n\n<li class=\"has-medium-font-size\">November 2007 &#8211; Oktober 2008: Umbau des Schweine- und Kuhstalls zu Flaschenlager und Verkaufsraum und Errichtung einer neuen Heizanlage<\/li>\n\n\n\n<li class=\"has-medium-font-size\">2018 Errichtung der Photovoltaikanlage<\/li>\n\n\n\n<li class=\"has-medium-font-size\">2019 in Planung: Umbau des bestehenden Erd\u00e4pfelkellers und einem Teil der Maschinenhalle zu neuen Betriebsr\u00e4umen f\u00fcr die Weinwirtschaft<\/li>\n\n\n\n<li class=\"has-medium-font-size\">Fr\u00fchjahr 2020 Beginn des Umbaus, Fertigstellung im Herbst 2020<\/li>\n\n\n\n<li class=\"has-medium-font-size\">Juli 2020 Eheschliessung von Michaela mit <strong><em>Bernhard Urani<\/em><\/strong><\/li>\n\n\n\n<li class=\"has-medium-font-size\">September 2021 Eheschliessung von Sabrina mit <strong><em>Lukas Wallner<\/em><\/strong><\/li>\n\n\n\n<li class=\"has-medium-font-size\">Februar 2022 Geburt von <strong><em>Erik<\/em><\/strong> Josef Urani<\/li>\n\n\n\n<li class=\"has-medium-font-size\">April 2023 Geburt von <strong>Elias<\/strong> Lukas Wallner<\/li>\n<\/ul>\n","protected":false},"excerpt":{"rendered":"<p>GESCHICHTE DES BETRIEBS<\/p>\n","protected":false},"author":1,"featured_media":0,"parent":0,"menu_order":0,"comment_status":"closed","ping_status":"closed","template":"","meta":[],"_links":{"self":[{"href":"https:\/\/wundsam.at\/index.php?rest_route=\/wp\/v2\/pages\/26"}],"collection":[{"href":"https:\/\/wundsam.at\/index.php?rest_route=\/wp\/v2\/pages"}],"about":[{"href":"https:\/\/wundsam.at\/index.php?rest_route=\/wp\/v2\/types\/page"}],"author":[{"embeddable":true,"href":"https:\/\/wundsam.at\/index.php?rest_route=\/wp\/v2\/users\/1"}],"replies":[{"embeddable":true,"href":"https:\/\/wundsam.at\/index.php?rest_route=%2Fwp%2Fv2%2Fcomments&post=26"}],"version-history":[{"count":7,"href":"https:\/\/wundsam.at\/index.php?rest_route=\/wp\/v2\/pages\/26\/revisions"}],"predecessor-version":[{"id":1178,"href":"https:\/\/wundsam.at\/index.php?rest_route=\/wp\/v2\/pages\/26\/revisions\/1178"}],"wp:attachment":[{"href":"https:\/\/wundsam.at\/index.php?rest_route=%2Fwp%2Fv2%2Fmedia&parent=26"}],"curies":[{"name":"wp","href":"https:\/\/api.w.org\/{rel}","templated":true}]}}