{"id":24,"date":"2020-04-05T11:47:09","date_gmt":"2020-04-05T09:47:09","guid":{"rendered":"http:\/\/wundsam.at\/?page_id=24"},"modified":"2023-07-23T14:59:06","modified_gmt":"2023-07-23T12:59:06","slug":"betriebszweige","status":"publish","type":"page","link":"https:\/\/wundsam.at\/?page_id=24","title":{"rendered":"der Betrieb"},"content":{"rendered":"\n<h2 class=\"wp-block-heading has-large-font-size\">BETRIEBSZWEIGE<\/h2>\n\n\n\n<p class=\"has-text-align-center has-luminous-vivid-amber-background-color has-background has-medium-font-size\">Unser Betrieb, der als reiner Familienbetrieb gef\u00fchrt wird, umfasst die Bereiche<br><strong>Landwirtschaft, Weinbau und Waldwirtschaft<\/strong>.<\/p>\n\n\n\n<p class=\"has-text-align-center has-medium-font-size\">Alle Bereiche werden nach konventionellen Richtlinien kultiviert und gepflegt.<\/p>\n\n\n\n<p><\/p>\n\n\n<div class=\"wp-block-image\">\n<figure class=\"aligncenter size-large is-resized\"><a href=\"http:\/\/wundsam.at\/wp-4f3e0-content\/uploads\/2023\/01\/Strohballen-rotated-1.jpg\"><img decoding=\"async\" loading=\"lazy\" src=\"http:\/\/wundsam.at\/wp-4f3e0-content\/uploads\/2023\/01\/Strohballen-rotated-1-768x1024.jpg\" alt=\"\" class=\"wp-image-175\" width=\"768\" height=\"1024\" srcset=\"https:\/\/wundsam.at\/wp-4f3e0-content\/uploads\/2023\/01\/Strohballen-rotated-1-768x1024.jpg 768w, https:\/\/wundsam.at\/wp-4f3e0-content\/uploads\/2023\/01\/Strohballen-rotated-1-225x300.jpg 225w, https:\/\/wundsam.at\/wp-4f3e0-content\/uploads\/2023\/01\/Strohballen-rotated-1-1152x1536.jpg 1152w, https:\/\/wundsam.at\/wp-4f3e0-content\/uploads\/2023\/01\/Strohballen-rotated-1-1536x2048.jpg 1536w, https:\/\/wundsam.at\/wp-4f3e0-content\/uploads\/2023\/01\/Strohballen-rotated-1.jpg 1920w\" sizes=\"(max-width: 768px) 100vw, 768px\" \/><\/a><figcaption class=\"wp-element-caption\"><strong>LANDWIRTSCHAFT<\/strong><br>Photo: Petra Wundsam<\/figcaption><\/figure><\/div>\n\n\n<p class=\"has-text-align-center has-light-green-cyan-background-color has-background has-medium-font-size\">Die im Bereich der<strong>&nbsp;Landwirtschaft&nbsp;<\/strong>genutzte Fl\u00e4che betr\u00e4gt rund 50 Hektar. Auf dieser werden Weizen, Zuckerr\u00fcben, Sonnenblumen, Mais und Erd\u00e4pfel angebaut. Die von uns bewirtschafteten Felder befinden sich im direkten Umkreis von Kleinr\u00f6tz.<\/p>\n\n\n\n<p><\/p>\n\n\n<div class=\"wp-block-image is-style-default\">\n<figure class=\"aligncenter size-large is-resized\"><a href=\"http:\/\/wundsam.at\/wp-4f3e0-content\/uploads\/2023\/01\/20191004_155220-rotated-1.jpg\"><img decoding=\"async\" loading=\"lazy\" src=\"http:\/\/wundsam.at\/wp-4f3e0-content\/uploads\/2023\/01\/20191004_155220-rotated-1-1024x614.jpg\" alt=\"\" class=\"wp-image-179\" width=\"768\" height=\"461\" srcset=\"https:\/\/wundsam.at\/wp-4f3e0-content\/uploads\/2023\/01\/20191004_155220-rotated-1-1024x614.jpg 1024w, https:\/\/wundsam.at\/wp-4f3e0-content\/uploads\/2023\/01\/20191004_155220-rotated-1-300x180.jpg 300w, https:\/\/wundsam.at\/wp-4f3e0-content\/uploads\/2023\/01\/20191004_155220-rotated-1-768x461.jpg 768w, https:\/\/wundsam.at\/wp-4f3e0-content\/uploads\/2023\/01\/20191004_155220-rotated-1-1536x922.jpg 1536w, https:\/\/wundsam.at\/wp-4f3e0-content\/uploads\/2023\/01\/20191004_155220-rotated-1-2048x1229.jpg 2048w\" sizes=\"(max-width: 768px) 100vw, 768px\" \/><\/a><figcaption class=\"wp-element-caption\"><strong>WEINBAU<\/strong><br>Photo: Petra Wundsam<\/figcaption><\/figure><\/div>\n\n\n<p class=\"has-text-align-center has-background has-medium-font-size\" style=\"background-color:#00a324\">In den&nbsp;<strong>Weing\u00e4rten&nbsp;<\/strong>in Kleinr\u00f6tz und Enzersfeld wachsen auf rund 1.8 Hektar Reben der Sorten Gr\u00fcner Veltliner, Welschriesling, Rheinriesling, M\u00fcller Thurgauer, Zweigelt, Merlot und Cabernet Sauvignon. Im Fr\u00fchjahr 2020 haben wir das Sortiment und damit auch unsere Weinanbaufl\u00e4che mit dem Aussetzen des Bl\u00fctenmuskatellers in Kleinr\u00f6tz erweitert.<\/p>\n\n\n\n<p><\/p>\n\n\n<div class=\"wp-block-image\">\n<figure class=\"aligncenter size-large is-resized\"><a href=\"http:\/\/wundsam.at\/wp-4f3e0-content\/uploads\/2023\/05\/Holz-Wald.jpg\"><img decoding=\"async\" loading=\"lazy\" src=\"http:\/\/wundsam.at\/wp-4f3e0-content\/uploads\/2023\/05\/Holz-Wald-768x1024.jpg\" alt=\"\" class=\"wp-image-275\" width=\"768\" height=\"1024\" srcset=\"https:\/\/wundsam.at\/wp-4f3e0-content\/uploads\/2023\/05\/Holz-Wald-768x1024.jpg 768w, https:\/\/wundsam.at\/wp-4f3e0-content\/uploads\/2023\/05\/Holz-Wald-225x300.jpg 225w, https:\/\/wundsam.at\/wp-4f3e0-content\/uploads\/2023\/05\/Holz-Wald-1152x1536.jpg 1152w, https:\/\/wundsam.at\/wp-4f3e0-content\/uploads\/2023\/05\/Holz-Wald-810x1080.jpg 810w, https:\/\/wundsam.at\/wp-4f3e0-content\/uploads\/2023\/05\/Holz-Wald.jpg 1512w\" sizes=\"(max-width: 768px) 100vw, 768px\" \/><\/a><figcaption class=\"wp-element-caption\"><strong>WALDWIRTSCHAFT<\/strong><br>Photo: Michaela Urani<\/figcaption><\/figure><\/div>\n\n\n<p class=\"has-text-align-center has-vivid-green-cyan-background-color has-background has-medium-font-size\">Der betriebliche\u00a0<strong>Waldbestand \u00a0<\/strong>umfasst rund 3 Hektar. Das daraus gewonnene Holz wird zum Heizen f\u00fcr den Eigenbedarf und als Nutzholz f\u00fcr die Industrie verwertet.<\/p>\n","protected":false},"excerpt":{"rendered":"<p>BETRIEBSZWEIGE Unser Betrieb, der als reiner Familienbetrieb gef\u00fchrt wird, umfasst die BereicheLandwirtschaft, Weinbau und Waldwirtschaft. Alle Bereiche werden nach konventionellen Richtlinien kultiviert und gepflegt. Die im Bereich der&nbsp;Landwirtschaft&nbsp;genutzte Fl\u00e4che betr\u00e4gt rund 50 Hektar. Auf dieser werden Weizen, Zuckerr\u00fcben, Sonnenblumen, Mais und Erd\u00e4pfel angebaut. Die von uns bewirtschafteten Felder befinden sich im direkten Umkreis von Kleinr\u00f6tz. [&hellip;]<\/p>\n","protected":false},"author":1,"featured_media":0,"parent":0,"menu_order":0,"comment_status":"closed","ping_status":"closed","template":"","meta":[],"_links":{"self":[{"href":"https:\/\/wundsam.at\/index.php?rest_route=\/wp\/v2\/pages\/24"}],"collection":[{"href":"https:\/\/wundsam.at\/index.php?rest_route=\/wp\/v2\/pages"}],"about":[{"href":"https:\/\/wundsam.at\/index.php?rest_route=\/wp\/v2\/types\/page"}],"author":[{"embeddable":true,"href":"https:\/\/wundsam.at\/index.php?rest_route=\/wp\/v2\/users\/1"}],"replies":[{"embeddable":true,"href":"https:\/\/wundsam.at\/index.php?rest_route=%2Fwp%2Fv2%2Fcomments&post=24"}],"version-history":[{"count":12,"href":"https:\/\/wundsam.at\/index.php?rest_route=\/wp\/v2\/pages\/24\/revisions"}],"predecessor-version":[{"id":1175,"href":"https:\/\/wundsam.at\/index.php?rest_route=\/wp\/v2\/pages\/24\/revisions\/1175"}],"wp:attachment":[{"href":"https:\/\/wundsam.at\/index.php?rest_route=%2Fwp%2Fv2%2Fmedia&parent=24"}],"curies":[{"name":"wp","href":"https:\/\/api.w.org\/{rel}","templated":true}]}}