{"id":1009,"date":"2023-07-23T11:57:44","date_gmt":"2023-07-23T09:57:44","guid":{"rendered":"http:\/\/wundsam.at\/?page_id=1009"},"modified":"2026-04-09T13:58:07","modified_gmt":"2026-04-09T11:58:07","slug":"ausgstecktist","status":"publish","type":"page","link":"https:\/\/wundsam.at\/?page_id=1009","title":{"rendered":"Ausgsteckt&#8217;ist"},"content":{"rendered":"\t\t<div data-elementor-type=\"wp-page\" data-elementor-id=\"1009\" class=\"elementor elementor-1009\">\n\t\t\t\t\t\t\t\t\t<section class=\"elementor-section elementor-top-section elementor-element elementor-element-46fa9c20 elementor-section-boxed elementor-section-height-default elementor-section-height-default\" data-id=\"46fa9c20\" data-element_type=\"section\">\n\t\t\t\t\t\t<div class=\"elementor-container elementor-column-gap-default\">\n\t\t\t\t\t<div class=\"elementor-column elementor-col-100 elementor-top-column elementor-element elementor-element-5c3772e6\" data-id=\"5c3772e6\" data-element_type=\"column\">\n\t\t\t<div class=\"elementor-widget-wrap elementor-element-populated\">\n\t\t\t\t\t\t\t\t<div class=\"elementor-element elementor-element-54ca3888 elementor-widget elementor-widget-text-editor\" data-id=\"54ca3888\" data-element_type=\"widget\" data-widget_type=\"text-editor.default\">\n\t\t\t\t<div class=\"elementor-widget-container\">\n\t\t\t<style>\/*! elementor - v3.14.0 - 18-06-2023 *\/\n.elementor-widget-text-editor.elementor-drop-cap-view-stacked .elementor-drop-cap{background-color:#69727d;color:#fff}.elementor-widget-text-editor.elementor-drop-cap-view-framed .elementor-drop-cap{color:#69727d;border:3px solid;background-color:transparent}.elementor-widget-text-editor:not(.elementor-drop-cap-view-default) .elementor-drop-cap{margin-top:8px}.elementor-widget-text-editor:not(.elementor-drop-cap-view-default) .elementor-drop-cap-letter{width:1em;height:1em}.elementor-widget-text-editor .elementor-drop-cap{float:left;text-align:center;line-height:1;font-size:50px}.elementor-widget-text-editor .elementor-drop-cap-letter{display:inline-block}<\/style>\t\t\t\t<p><!-- wp:heading {\"fontSize\":\"large\"} --><\/p>\n<h2 class=\"wp-block-heading has-large-font-size\">AUSGSTECKT&#8216; IST <strong><strong>beim Schnepfenheurigen<\/strong><\/strong><\/h2>\n<p><!-- \/wp:heading --><!-- wp:image {\"align\":\"center\",\"id\":418,\"sizeSlug\":\"full\",\"linkDestination\":\"media\"} --><\/p>\n<figure class=\"wp-block-image aligncenter size-full\"><a href=\"http:\/\/wundsam.at\/wp-4f3e0-content\/uploads\/2023\/06\/Schnepfen-Heuriger-scaled-1.jpg\"><img decoding=\"async\" loading=\"lazy\" width=\"2560\" height=\"593\" class=\"wp-image-418\" src=\"http:\/\/wundsam.at\/wp-4f3e0-content\/uploads\/2023\/06\/Schnepfen-Heuriger-scaled-1.jpg\" alt=\"\" srcset=\"https:\/\/wundsam.at\/wp-4f3e0-content\/uploads\/2023\/06\/Schnepfen-Heuriger-scaled-1.jpg 2560w, https:\/\/wundsam.at\/wp-4f3e0-content\/uploads\/2023\/06\/Schnepfen-Heuriger-scaled-1-300x69.jpg 300w, https:\/\/wundsam.at\/wp-4f3e0-content\/uploads\/2023\/06\/Schnepfen-Heuriger-scaled-1-1024x237.jpg 1024w, https:\/\/wundsam.at\/wp-4f3e0-content\/uploads\/2023\/06\/Schnepfen-Heuriger-scaled-1-768x178.jpg 768w, https:\/\/wundsam.at\/wp-4f3e0-content\/uploads\/2023\/06\/Schnepfen-Heuriger-scaled-1-1536x356.jpg 1536w, https:\/\/wundsam.at\/wp-4f3e0-content\/uploads\/2023\/06\/Schnepfen-Heuriger-scaled-1-2048x474.jpg 2048w, https:\/\/wundsam.at\/wp-4f3e0-content\/uploads\/2023\/06\/Schnepfen-Heuriger-scaled-1-1000x232.jpg 1000w, https:\/\/wundsam.at\/wp-4f3e0-content\/uploads\/2023\/06\/Schnepfen-Heuriger-scaled-1-230x53.jpg 230w, https:\/\/wundsam.at\/wp-4f3e0-content\/uploads\/2023\/06\/Schnepfen-Heuriger-scaled-1-350x81.jpg 350w, https:\/\/wundsam.at\/wp-4f3e0-content\/uploads\/2023\/06\/Schnepfen-Heuriger-scaled-1-480x111.jpg 480w\" sizes=\"(max-width: 2560px) 100vw, 2560px\" \/><\/a><\/figure>\n<p><!-- \/wp:image --><!-- wp:paragraph {\"fontSize\":\"medium\"} --><\/p>\n<p class=\"has-medium-font-size\">Bedeutung &#8222;Schnepfenheuriger&#8220;: Der Name wird auf eine jagdliche Tradition zur\u00fcckgef\u00fchrt. Die J\u00e4ger trafen sich vor und nach dem &#8222;Schnepfenstrich&#8220; beim Heurigen zur Einkehr und St\u00e4rkung.<\/p>\n<p><!-- \/wp:paragraph --><!-- wp:paragraph {\"fontSize\":\"medium\"} --><\/p>\n<p class=\"has-medium-font-size\" style=\"text-align: center;\"><strong>Der n\u00e4chste Heurigenbetrieb<\/strong>&nbsp;<\/p>\n<p><!-- \/wp:paragraph --><!-- wp:paragraph {\"align\":\"center\",\"backgroundColor\":\"light-green-cyan\",\"fontSize\":\"medium\"} --><\/p>\n<p class=\"has-text-align-center has-light-green-cyan-background-color has-background has-medium-font-size\" style=\"text-align: center;\"><strong style=\"font-size: var(--wp--preset--font-size--medium);\">voraussichtlich Februar 2027<\/strong><\/p>\n<p style=\"text-align: center;\">\n<\/p>\n<p><!-- \/wp:paragraph --><!-- wp:paragraph {\"align\":\"center\",\"fontSize\":\"medium\"} --><\/p>\n<p class=\"has-text-align-center has-medium-font-size\">Donnerstag und Freitag ab 15.00 Uhr<br>Samstag, Sonntag und Feiertag ab 11.00 Uhr<\/p>\n<p><!-- \/wp:paragraph --><!-- wp:paragraph {\"align\":\"center\",\"fontSize\":\"medium\"} --><\/p>\n<p class=\"has-text-align-center has-medium-font-size\">Montag, Dienstag und Mittwoch geschlossen<\/p>\n<p><!-- \/wp:paragraph --><!-- wp:paragraph {\"fontSize\":\"medium\"} --><\/p>\n<p class=\"has-medium-font-size\"><strong>ANGEBOT<\/strong><\/p>\n<p><!-- \/wp:paragraph --><!-- wp:paragraph {\"fontSize\":\"medium\"} --><\/p>\n<p class=\"has-medium-font-size\">Passend zur Vielfalt unserer Eigenbauweine bieten wir ein reichhaltiges Buffet mit gr\u00f6\u00dftenteils selbstgemachten Spezialit\u00e4ten an. Besonders beliebt sind <strong>Geselchtes, Blut-, Presswurst, Speck und Rohschinken<\/strong>, welche nach wie vor selbst hergestellt werden. Mit hausgemachten Mehlspeisen u.a. dem traditionellen <strong>Schmerstrudel und Grammelgitterkuchen<\/strong> runden wir unser Angebot an diversen Schmankerln ab.<\/p>\n<p><!-- \/wp:paragraph --><!-- wp:paragraph {\"fontSize\":\"medium\"} --><\/p>\n<p class=\"has-medium-font-size\">Gegen rechtzeitige Vorbestellung (vorzugsweise telefonisch) servieren wir Ihnen gerne <strong>STELZEN<\/strong> und Freitag, Samstag und Sonntag auch <strong>GRILLHENDL<\/strong>.<\/p>\n<p><!-- \/wp:paragraph --><!-- wp:image {\"align\":\"center\",\"id\":1153,\"sizeSlug\":\"full\",\"linkDestination\":\"media\"} --><\/p>\n<figure class=\"wp-block-image aligncenter size-full\"><a href=\"http:\/\/wundsam.at\/wp-4f3e0-content\/uploads\/2023\/07\/2020-08-21.jpg\"><img decoding=\"async\" loading=\"lazy\" width=\"680\" height=\"510\" class=\"wp-image-1153\" src=\"http:\/\/wundsam.at\/wp-4f3e0-content\/uploads\/2023\/07\/2020-08-21.jpg\" alt=\"\" srcset=\"https:\/\/wundsam.at\/wp-4f3e0-content\/uploads\/2023\/07\/2020-08-21.jpg 680w, https:\/\/wundsam.at\/wp-4f3e0-content\/uploads\/2023\/07\/2020-08-21-300x225.jpg 300w\" sizes=\"(max-width: 680px) 100vw, 680px\" \/><\/a><\/figure>\n<p><!-- \/wp:image --><\/p>\t\t\t\t\t\t<\/div>\n\t\t\t\t<\/div>\n\t\t\t\t\t<\/div>\n\t\t<\/div>\n\t\t\t\t\t\t\t<\/div>\n\t\t<\/section>\n\t\t\t\t\t\t\t<\/div>\n\t\t","protected":false},"excerpt":{"rendered":"<p>AUSGSTECKT&#8216; IST beim Schnepfenheurigen Bedeutung &#8222;Schnepfenheuriger&#8220;: Der Name wird auf eine jagdliche Tradition zur\u00fcckgef\u00fchrt. Die J\u00e4ger trafen sich vor und nach dem &#8222;Schnepfenstrich&#8220; beim Heurigen zur Einkehr und St\u00e4rkung. Der n\u00e4chste Heurigenbetrieb&nbsp; voraussichtlich Februar 2027 Donnerstag und Freitag ab 15.00 UhrSamstag, Sonntag und Feiertag ab 11.00 Uhr Montag, Dienstag und Mittwoch geschlossen ANGEBOT Passend zur [&hellip;]<\/p>\n","protected":false},"author":2,"featured_media":0,"parent":0,"menu_order":0,"comment_status":"closed","ping_status":"closed","template":"","meta":[],"_links":{"self":[{"href":"https:\/\/wundsam.at\/index.php?rest_route=\/wp\/v2\/pages\/1009"}],"collection":[{"href":"https:\/\/wundsam.at\/index.php?rest_route=\/wp\/v2\/pages"}],"about":[{"href":"https:\/\/wundsam.at\/index.php?rest_route=\/wp\/v2\/types\/page"}],"author":[{"embeddable":true,"href":"https:\/\/wundsam.at\/index.php?rest_route=\/wp\/v2\/users\/2"}],"replies":[{"embeddable":true,"href":"https:\/\/wundsam.at\/index.php?rest_route=%2Fwp%2Fv2%2Fcomments&post=1009"}],"version-history":[{"count":54,"href":"https:\/\/wundsam.at\/index.php?rest_route=\/wp\/v2\/pages\/1009\/revisions"}],"predecessor-version":[{"id":1342,"href":"https:\/\/wundsam.at\/index.php?rest_route=\/wp\/v2\/pages\/1009\/revisions\/1342"}],"wp:attachment":[{"href":"https:\/\/wundsam.at\/index.php?rest_route=%2Fwp%2Fv2%2Fmedia&parent=1009"}],"curies":[{"name":"wp","href":"https:\/\/api.w.org\/{rel}","templated":true}]}}